{"id":8152,"date":"2021-02-23T10:35:30","date_gmt":"2021-02-23T09:35:30","guid":{"rendered":"https:\/\/www.parislgbt.com\/?page_id=8152"},"modified":"2026-03-04T10:54:50","modified_gmt":"2026-03-04T09:54:50","slug":"qui-sommes-nous","status":"publish","type":"page","link":"https:\/\/www.parislgbt.com\/en\/qui-sommes-nous\/","title":{"rendered":"About"},"content":{"rendered":"<h2 class=\"wp-block-heading\">Paris Diversit\u00e9 \/ FranceLGBT &#8211; Qui sommes-nous ?<\/h2>\n\n\n\n<p>Cr\u00e9\u00e9e en 2012 \u00e0 l\u2019initiative de professionnels de la nuit et du tourisme, l\u2019association Paris Diversit\u00e9 (ex Paris Gay Metropole) r\u00e9pond \u00e0 la volont\u00e9 des acteurs de la Nuit et de la F\u00eate LGBT de structurer l\u2019offre et mieux r\u00e9pondre aux enjeux de la concurrence internationale. ParisLGBT, bient\u00f4t renomm\u00e9 FranceLGBT, a d\u00e9fini une charte d\u2019accueil touristique et des actions requises pour dynamiser la destination France aupr\u00e8s des visiteurs LGBT.<\/p>\n\n\n\n<p>Cette charte a \u00e9t\u00e9 test\u00e9e avec succ\u00e8s \u00e0 l\u2019occasion de Paris 2018 (Gay Games) et va \u00eatre relanc\u00e9e avec le concours de la Chambre du Commerce et de l&#8217;Industrie.<\/p>\n\n\n\n<p>C&#8217;est le coeur de notre action ! Rejoignez nous si ce projet vous int\u00e9resse.<\/p>\n\n\n\n<blockquote class=\"wp-block-quote is-layout-flow wp-block-quote-is-layout-flow\">\n<p><strong>Paris Diversit\u00e9 r\u00e9alise un guide et agenda en fran\u00e7ais et anglais de l&#8217;offre LGBT+ de la destination Paris<a href=\"https:\/\/www.parislgbt.com\/en\/\"> Paris LGBT<\/a> , Instagram&nbsp;et anime le cluster Tourisme LGBT (<a href=\"https:\/\/www.snegandco.fr\/cluster-tourisme-lgbtqi\/\">article du Sneg<\/a>).<\/strong><\/p>\n<\/blockquote>\n\n\n\n<h3 class=\"wp-block-heading\">Nos actions<\/h3>\n\n\n\n<h4 class=\"wp-block-heading\">La promotion de la destination Paris<\/h4>\n\n\n<p><iframe title=\"Spot 2025  PARIS DIVERSIT\u00c9 &quot;Paris Is Proud&quot; Paris Est Fi\u00e8re !\" width=\"500\" height=\"281\" src=\"https:\/\/www.youtube.com\/embed\/mneWpDVatEw?feature=oembed\" frameborder=\"0\" allow=\"accelerometer; autoplay; clipboard-write; encrypted-media; gyroscope; picture-in-picture; web-share\" referrerpolicy=\"strict-origin-when-cross-origin\" allowfullscreen><\/iframe><\/p>\n\n\n\n<h4 class=\"wp-block-heading\">Enqu\u00eate Tourisme<\/h4>\n\n\n\n<p>Vous pouvez partager l&#8217;appel \u00e0 contribution pour am\u00e9liorer l\u2019attractivit\u00e9 de la destination Paris aupr\u00e8s des publics LGBT+ et nous rejoindre pour pr\u00e9parer la relance de la fr\u00e9quentation et participer \u00e0 des actions de structuration et de promotion.<\/p>\n\n\n\n<p>L&#8217;association Paris Diversit\u00e9 pr\u00e9pare chaque ann\u00e9e un plan d&#8217;action avec les partenaires institutionnels.<\/p>\n\n\n\n<blockquote class=\"wp-block-quote is-layout-flow wp-block-quote-is-layout-flow\">\n<p>Exprimez vos attentes et vos remarques ici :<a role=\"button\" href=\"https:\/\/forms.gle\/NnKPF7VvF4UX18Tx5\" target=\"_blank\" rel=\"noopener\"><br>Formulaire enqu\u00eate tourisme<br><\/a><\/p>\n<\/blockquote>\n\n\n\n<h4 class=\"wp-block-heading\">Une conf\u00e9rence annuelle<\/h4>\n\n\n\n<p>En partenariat avec la conf\u00e9d\u00e9ration Inter LGBT, l&#8217;association propose un plateau de professionnels et d&#8217;experts publics et priv\u00e9s pour pr\u00e9senter des cas pratiques (study cases) chaque ann\u00e9e lors du Mois des Fiert\u00e9s.<\/p>\n\n\n\n<p><a href=\"https:\/\/www.parislgbt.com\/en\/listing\/conference-tourisme-lgbt-2025\/\" target=\"_blank\" rel=\"noopener\">\u00c9dition 2025<\/a><\/p>\n\n\n\n<p>Regardez la conf\u00e9rence 2025.<\/p>\n\n\n<p><iframe title=\"Tourisme LGBT &amp; Nuit : des niches indispensables au succ\u00e8s d\u2019une destination.\" width=\"500\" height=\"281\" src=\"https:\/\/www.youtube.com\/embed\/ugXtaxXNLEA?feature=oembed\" frameborder=\"0\" allow=\"accelerometer; autoplay; clipboard-write; encrypted-media; gyroscope; picture-in-picture; web-share\" referrerpolicy=\"strict-origin-when-cross-origin\" allowfullscreen><\/iframe><\/p>\n\n\n\n<h4 class=\"wp-block-heading\">Cluster Tourisme avec la Mairie de Paris<\/h4>\n\n\n\n<p>Le secteur du Tourisme LGBT et friendly s\u2019appuie sur plusieurs piliers :<\/p>\n\n\n\n<ul class=\"wp-block-list\">\n<li>des politiques publiques inclusives : l\u00e9galit\u00e9 positive, lutte contre les discriminations<\/li>\n\n\n\n<li>un tissu associatif cons\u00e9quent<\/li>\n\n\n\n<li>des \u00e9tablissements festifs \u00e0 m\u00eame d\u2019accueillir les public<\/li>\n\n\n\n<li>une offre culturelle attractive<\/li>\n\n\n\n<li>un accueil personnalis\u00e9 et d\u00e9di\u00e9<\/li>\n<\/ul>\n\n\n\n<p>Pour chacun de ces points, la destination compte des atouts, mais aussi des faiblesses. Il appartient \u00e0 ce cluster de les identifier, de mettre \u00e0 profit ces atouts et de contrer ses faiblesses.<\/p>\n\n\n\n<p><strong>Membres du cluster :<\/strong><br>F\u00e9d\u00e9ration Sportive Gaie et Lesbienne<br>Inter-LGBT (Interassociative lesbienne, gay, bi et trans)<br>OTCP (Office du Tourisme et des Congr\u00e8s de Paris)<br>Paris Gay Village<br>Strobo Magazine<\/p>\n\n\n\n<h3 class=\"wp-block-heading\">Le tourisme LGBT<\/h3>\n\n\n\n<p>Le Tourisme LGBTQIA+ existe, il y a des r\u00e9seaux internationaux comme <a href=\"https:\/\/www.ilga-europe.org\/\">ILGA Europe<\/a> ou <a href=\"https:\/\/www.iglta.org\/\">IGLTA<\/a>.<\/p>\n\n\n\n<figure class=\"wp-block-image\"><img decoding=\"async\" src=\"https:\/\/www.parislgbt.com\/wp-content\/uploads\/2021\/02\/ILGAWorldMap2017.jpg\" alt=\"IGLA World Map 2017\"\/><\/figure>\n\n\n\n<p>Le Tourisme LGBT+ ne peut exister qu\u2019en vertu de lois protectrices.\u00a0 Plusieurs index annuels sont \u00e9dit\u00e9s :<\/p>\n\n\n\n<p><a href=\"https:\/\/www.ilga-europe.org\/rainboweurope\">Rainbow Index<\/a> de ILGA Europe<\/p>\n\n\n\n<p><a href=\"https:\/\/spartacus.gayguide.travel\/gaytravelindex-2019.pdf\">Gay Travel Index<\/a> Spartacus Guide<\/p>\n\n\n\n<p>De nombreux acteurs du Tourisme LGBT+ ne sont pas en r\u00e9seau, il y a n\u00e9cessit\u00e9 de les r\u00e9unir en mettant en avant les avantages d\u2019actions collectives en vue de d\u00e9fendre la destination face \u00e0 la concurrence internationale et \u00e0 l\u2019heure de la disparition des lieux communautaires en centre ville (<a href=\"https:\/\/tetu.com\/2021\/01\/08\/plusieurs-lieux-emblematiques-du-marais-pourraient-bientot-mettre-la-cle-sous-la-porte\/\">lire article de Tetu<\/a>) et de la pand\u00e9mie due \u00e0 la Covid 1 (photos : le Gay Choc et la devanture de l\u2019ex Mic Man).<\/p>\n\n\n\n<figure class=\"wp-block-image is-resized is-style-rounded\"><img decoding=\"async\" src=\"https:\/\/www.parislgbt.com\/wp-content\/uploads\/2021\/02\/Rapport-Romero_couv-300x218.png\" alt=\"Rapport-Romero_couv\" style=\"width:301px;height:auto\"\/><\/figure>\n\n\n\n<p>Paris et l\u2019Ile de France b\u00e9n\u00e9ficient d\u2019avantages structurels et d\u2019une fr\u00e9quentation non n\u00e9gligeable. L\u2019accueil des <a href=\"https:\/\/paris2018.com\/fr\/\">Gay Games<\/a> \u00e0 Paris en 2018, gr\u00e2ce \u00e0 un volontarisme exemplaire de la part de l\u2019Etat, la R\u00e9gion et la Ville, est une opportunit\u00e9 \u00e9norme pour faire valoir aux acteurs touristiques LGBT+ et \u201cfriendly\u201d de la pertinence d\u2019un dispositif d\u2019accueil et d\u2019une charte pour les visiteurs vis\u00e9s.<\/p>\n\n\n\n<p>De plus, la Mairie de Paris innove par l\u2019adoption d\u2019un ambitieux rapport sur le tourisme et la m\u00e9moire LGBT+ r\u00e9dig\u00e9 par <a href=\"https:\/\/www.paris.fr\/pages\/jean-luc-romero-michel-8003\">Jean-Luc Romero<\/a>. L\u2019Office de Tourisme m\u00e8ne des actions cibl\u00e9es (<a href=\"https:\/\/www.parislgbt.com\/wp-content\/uploads\/2021\/02\/Paris-1st-Gay-Travel-Approved-destination-press-release.pdf\">exemple<\/a>)&nbsp;et informe la presse sur la sc\u00e8ne LGBT+ parisienne avec un <a href=\"https:\/\/presse.parisinfo.com\/dossiers-presse\/paris-art-de-vivre\/paris-lgbt\">dossier de presse<\/a>.<\/p>\n\n\n\n<p>Lire le <a role=\"button\" href=\"https:\/\/www.parislgbt.com\/wp-content\/uploads\/2021\/02\/Rapport-Paris-ville-phare-de-linclusion-et-de-la-diversite_2017.pdf\">Rapport &#8220;Paris ville phare de l\u2019inclusion et de la diversit\u00e9&#8221;<\/a><\/p>\n\n\n\n<h1 class=\"wp-block-heading\">Rejoignez-Nous !<\/h1>\n\n\n\n<figure class=\"wp-block-image size-large is-resized\"><img fetchpriority=\"high\" decoding=\"async\" width=\"819\" height=\"1024\" src=\"https:\/\/www.parislgbt.com\/wp-content\/uploads\/2026\/03\/VISUEL-ADHESION-2026-819x1024.png\" alt=\"\" class=\"wp-image-41941\" style=\"aspect-ratio:0.7998139180816646;width:394px;height:auto\" srcset=\"https:\/\/www.parislgbt.com\/wp-content\/uploads\/2026\/03\/VISUEL-ADHESION-2026-819x1024.png 819w, https:\/\/www.parislgbt.com\/wp-content\/uploads\/2026\/03\/VISUEL-ADHESION-2026-240x300.png 240w, https:\/\/www.parislgbt.com\/wp-content\/uploads\/2026\/03\/VISUEL-ADHESION-2026-768x960.png 768w, https:\/\/www.parislgbt.com\/wp-content\/uploads\/2026\/03\/VISUEL-ADHESION-2026-10x12.png 10w, https:\/\/www.parislgbt.com\/wp-content\/uploads\/2026\/03\/VISUEL-ADHESION-2026-600x750.png 600w, https:\/\/www.parislgbt.com\/wp-content\/uploads\/2026\/03\/VISUEL-ADHESION-2026.png 1080w\" sizes=\"(max-width: 819px) 100vw, 819px\" \/><\/figure>\n\n\n\n<blockquote class=\"wp-block-quote is-layout-flow wp-block-quote-is-layout-flow\">\n<p><a href=\"https:\/\/www.helloasso.com\/associations\/paris-diversite\/adhesions\/adhesion-parislgbt-2026\" target=\"_blank\" rel=\"noreferrer noopener\">ADH\u00c9REZ \u00c0 PARIS DIVERSIT\u00c9 !!!!<\/a><\/p>\n<\/blockquote>\n\n\n\n<p>Pr\u00e9sident : Michel Mau<\/p>\n\n\n\n<p>Tr\u00e9sorier : <span style=\"font-size: revert; color: initial;\">Christophe Vix-Gras<\/span><\/p>\n\n\n\n<h1 class=\"wp-block-heading\"><strong>SOUTENEZ NOUS, SOUTENEZ VOUS<\/strong><\/h1>\n\n\n\n<p><a href=\"https:\/\/www.helloasso.com\/associations\/paris-gay-metropole\/formulaires\/1\" target=\"_blank\" rel=\"noopener\">Fa\u00eetes un don \u00e0 l&#8217;association, pour que vive le Tourisme LGBT<\/a><\/p>","protected":false},"excerpt":{"rendered":"<p>Paris Diversit\u00e9 \/ FranceLGBT &#8211; Qui sommes-nous ? Cr\u00e9\u00e9e en 2012 \u00e0 l\u2019initiative de professionnels de la nuit et du tourisme, l\u2019association Paris Diversit\u00e9 (ex Paris Gay Metropole) r\u00e9pond \u00e0 la volont\u00e9 des acteurs de la Nuit et de la F\u00eate LGBT de structurer l\u2019offre et mieux r\u00e9pondre aux enjeux de la concurrence internationale. ParisLGBT, [&hellip;]<\/p>\n","protected":false},"author":1,"featured_media":41941,"parent":0,"menu_order":0,"comment_status":"closed","ping_status":"closed","template":"templates\/content-no-sidebar.php","meta":{"footnotes":""},"class_list":["post-8152","page","type-page","status-publish","has-post-thumbnail","hentry"],"_links":{"self":[{"href":"https:\/\/www.parislgbt.com\/en\/wp-json\/wp\/v2\/pages\/8152","targetHints":{"allow":["GET"]}}],"collection":[{"href":"https:\/\/www.parislgbt.com\/en\/wp-json\/wp\/v2\/pages"}],"about":[{"href":"https:\/\/www.parislgbt.com\/en\/wp-json\/wp\/v2\/types\/page"}],"author":[{"embeddable":true,"href":"https:\/\/www.parislgbt.com\/en\/wp-json\/wp\/v2\/users\/1"}],"replies":[{"embeddable":true,"href":"https:\/\/www.parislgbt.com\/en\/wp-json\/wp\/v2\/comments?post=8152"}],"version-history":[{"count":54,"href":"https:\/\/www.parislgbt.com\/en\/wp-json\/wp\/v2\/pages\/8152\/revisions"}],"predecessor-version":[{"id":41943,"href":"https:\/\/www.parislgbt.com\/en\/wp-json\/wp\/v2\/pages\/8152\/revisions\/41943"}],"wp:featuredmedia":[{"embeddable":true,"href":"https:\/\/www.parislgbt.com\/en\/wp-json\/wp\/v2\/media\/41941"}],"wp:attachment":[{"href":"https:\/\/www.parislgbt.com\/en\/wp-json\/wp\/v2\/media?parent=8152"}],"curies":[{"name":"wp","href":"https:\/\/api.w.org\/{rel}","templated":true}]}}