{"id":3503,"date":"2017-10-25T23:44:18","date_gmt":"2017-10-25T21:44:18","guid":{"rendered":"https:\/\/27collective.net\/import\/mycity\/?page_id=17"},"modified":"2026-04-08T09:05:47","modified_gmt":"2026-04-08T07:05:47","slug":"ajout-listing","status":"publish","type":"page","link":"https:\/\/www.parislgbt.com\/en\/ajout-listing\/","title":{"rendered":"Ajouter une entr\u00e9e"},"content":{"rendered":"\t\t<div data-elementor-type=\"wp-page\" data-elementor-id=\"3503\" class=\"elementor elementor-3503\">\n\t\t\t\t\t\t<section class=\"elementor-section elementor-top-section elementor-element elementor-element-ofbb32l elementor-section-height-min-height elementor-section-boxed elementor-section-height-default elementor-section-items-middle\" data-id=\"ofbb32l\" data-element_type=\"section\" data-e-type=\"section\" data-settings=\"{&quot;background_background&quot;:&quot;classic&quot;}\">\n\t\t\t\t\t\t<div class=\"elementor-container elementor-column-gap-default\">\n\t\t\t\t\t<div class=\"elementor-column elementor-col-100 elementor-top-column elementor-element elementor-element-w5neot1\" data-id=\"w5neot1\" data-element_type=\"column\" data-e-type=\"column\">\n\t\t\t<div class=\"elementor-widget-wrap elementor-element-populated\">\n\t\t\t\t\t\t<div class=\"elementor-element elementor-element-98caebe elementor-widget elementor-widget-heading\" data-id=\"98caebe\" data-element_type=\"widget\" data-e-type=\"widget\" data-widget_type=\"heading.default\">\n\t\t\t\t<div class=\"elementor-widget-container\">\n\t\t\t\t\t<h2 class=\"elementor-heading-title elementor-size-default\">Comment \u00eatre pr\u00e9sent sur le site ParisLGBT ?<\/h2>\t\t\t\t<\/div>\n\t\t\t\t<\/div>\n\t\t\t\t<div class=\"elementor-element elementor-element-3e649c4 elementor-widget elementor-widget-text-editor\" data-id=\"3e649c4\" data-element_type=\"widget\" data-e-type=\"widget\" data-widget_type=\"text-editor.default\">\n\t\t\t\t<div class=\"elementor-widget-container\">\n\t\t\t\t\t\t\t\t\t<p><strong>Vous souhaitez ajouter votre \u00e9tablissement ou votre \u00e9v\u00e9nement LGBTQIA+ Friendly \u00e0 notre annuaire ?<\/strong><\/p>\n<p>&nbsp;<strong>IMPORTANT :<\/strong><\/p>\n<ul>\n<li>Si votre \u00e9v\u00e9nement est sur Facebook, il vous suffit d&#8217;inviter le profil de notre r\u00e9dacteur &#8216;<a href=\"https:\/\/www.facebook.com\/profile.php?id=100059933145959\" target=\"_blank\" rel=\"noopener\">Ricardo Bello<\/a>&#8216; afin qu&#8217;il soit <strong>automatiquement list\u00e9<\/strong><\/li>\n<li>Sinon, veillez \u00e0 remplir correctement tous les champs<\/li>\n<li>Chaque soumission sera relue et valid\u00e9e par nos r\u00e9dacteurs<\/li>\n<\/ul>\t\t\t\t\t\t\t\t<\/div>\n\t\t\t\t<\/div>\n\t\t\t\t<div class=\"elementor-element elementor-element-224cce8 elementor-widget elementor-widget-heading\" data-id=\"224cce8\" data-element_type=\"widget\" data-e-type=\"widget\" data-widget_type=\"heading.default\">\n\t\t\t\t<div class=\"elementor-widget-container\">\n\t\t\t\t\t<h2 class=\"elementor-heading-title elementor-size-default\">Quel type d'entr\u00e9e souhaitez-vous ajouter ?<\/h2>\t\t\t\t<\/div>\n\t\t\t\t<\/div>\n\t\t\t\t<div class=\"elementor-element elementor-element-fjzu802 elementor-widget elementor-widget-case27-add-listing-widget\" data-id=\"fjzu802\" data-element_type=\"widget\" data-e-type=\"widget\" data-widget_type=\"case27-add-listing-widget.default\">\n\t\t\t\t<div class=\"elementor-widget-container\">\n\t\t\t\t\t\r\n\t\r\n<section class=\"i-section choose-type\">\r\n\t<div class=\"container-fluid\">\r\n\t\t<div class=\"row section-body\">\r\n\t\t\t\t\t<div class=\"col-md-4 elementor-repeater-item-n1u76y7 col-sm-6 col-xs-12 ac-category\">\r\n\t\t\t\t<div class=\"cat-card\">\r\n\t\t\t\t\t<a href=\"https:\/\/www.parislgbt.com\/en\/ajout-listing\/?listing_type=place\">\r\n\t\t\t\t\t\t<div class=\"ac-front-side face\">\r\n\t\t\t\t\t\t\t<div class=\"hovering-c\">\r\n\t\t\t\t\t\t\t\t<span class=\"cat-icon\" style=\"color: #fff;\">\r\n\t\t\t\t\t\t\t\t\t\t\t\t<i class=\"icon-location-map-1\"><\/i>\r\n\t\t\t\t\t\t\t\t\t\t<\/span>\r\n\t\t\t\t\t\t\t\t<span class=\"category-name\">Etablissement<\/span>\r\n\t\t\t\t\t\t\t<\/div>\r\n\t\t\t\t\t\t<\/div>\r\n\t\t\t\t\t\t<div class=\"ac-back-side face\">\r\n\t\t\t\t\t\t\t<div class=\"hovering-c\">\r\n\t\t\t\t\t\t\t\t<p>Choose type<\/p>\r\n\t\t\t\t\t\t\t<\/div>\r\n\t\t\t\t\t\t<\/div>\r\n\t\t\t\t\t<\/a>\r\n\t\t\t\t<\/div>\r\n\t\t\t<\/div>\r\n\t\t\t\t\t<div class=\"col-md-4 elementor-repeater-item-wlg4cmf col-sm-6 col-xs-12 ac-category\">\r\n\t\t\t\t<div class=\"cat-card\">\r\n\t\t\t\t\t<a href=\"https:\/\/www.parislgbt.com\/en\/ajout-listing\/?listing_type=event\">\r\n\t\t\t\t\t\t<div class=\"ac-front-side face\">\r\n\t\t\t\t\t\t\t<div class=\"hovering-c\">\r\n\t\t\t\t\t\t\t\t<span class=\"cat-icon\" style=\"color: #fff;\">\r\n\t\t\t\t\t\t\t\t\t\t\t\t<i class=\"mi queue_music\"><\/i>\r\n\t\t\t\t\t\t\t\t\t\t<\/span>\r\n\t\t\t\t\t\t\t\t<span class=\"category-name\">Ev\u00e9nement<\/span>\r\n\t\t\t\t\t\t\t<\/div>\r\n\t\t\t\t\t\t<\/div>\r\n\t\t\t\t\t\t<div class=\"ac-back-side face\">\r\n\t\t\t\t\t\t\t<div class=\"hovering-c\">\r\n\t\t\t\t\t\t\t\t<p>Choose type<\/p>\r\n\t\t\t\t\t\t\t<\/div>\r\n\t\t\t\t\t\t<\/div>\r\n\t\t\t\t\t<\/a>\r\n\t\t\t\t<\/div>\r\n\t\t\t<\/div>\r\n\t\t\t\t<\/div>\r\n\t<\/div>\r\n<\/section>\r\n\t\t\t\t<\/div>\n\t\t\t\t<\/div>\n\t\t\t\t\t<\/div>\n\t\t<\/div>\n\t\t\t\t\t<\/div>\n\t\t<\/section>\n\t\t<div class=\"elementor-element elementor-element-676f507 e-flex e-con-boxed e-con e-parent\" data-id=\"676f507\" data-element_type=\"container\" data-e-type=\"container\">\n\t\t\t\t\t<div class=\"e-con-inner\">\n\t\t\t\t<div class=\"elementor-element elementor-element-a8234c7 elementor-widget elementor-widget-heading\" data-id=\"a8234c7\" data-element_type=\"widget\" data-e-type=\"widget\" data-widget_type=\"heading.default\">\n\t\t\t\t<div class=\"elementor-widget-container\">\n\t\t\t\t\t<h1 class=\"elementor-heading-title elementor-size-default\">Comment promouvoir votre \u00e9v\u00e9nement ou \u00e9tablissement ?<\/h1>\t\t\t\t<\/div>\n\t\t\t\t<\/div>\n\t\t\t\t<div class=\"elementor-element elementor-element-5c4eaf9 elementor-widget elementor-widget-text-editor\" data-id=\"5c4eaf9\" data-element_type=\"widget\" data-e-type=\"widget\" data-widget_type=\"text-editor.default\">\n\t\t\t\t<div class=\"elementor-widget-container\">\n\t\t\t\t\t\t\t\t\t<p>Vous souihaitez <strong>appara\u00eetre en t\u00eate de liste et sur notre page d&#8217;accueil<\/strong> ?&nbsp;Nous vous proposons deux mises en avant, pendant 7J ou 30J.<\/p>\n<p>Rendez vous sur votre tableau de bord en cliquant sur l&#8217;icone de votre nom dans le menu principal [<a href=\"\/my-account\/\"><b>Dashboard<\/b><\/a>]<\/p>\n<p>Choisissez votre listing et cliquez sur &#8216;Promouvoir&#8217;, puis suivez les instructions !<\/p>\n<p><br><\/p>\t\t\t\t\t\t\t\t<\/div>\n\t\t\t\t<\/div>\n\t\t\t\t<div class=\"elementor-element elementor-element-bf9cfd6 elementor-widget elementor-widget-image\" data-id=\"bf9cfd6\" data-element_type=\"widget\" data-e-type=\"widget\" data-widget_type=\"image.default\">\n\t\t\t\t<div class=\"elementor-widget-container\">\n\t\t\t\t\t\t\t\t\t\t\t\t\t\t\t<img fetchpriority=\"high\" decoding=\"async\" width=\"455\" height=\"338\" src=\"https:\/\/www.parislgbt.com\/wp-content\/uploads\/2025\/06\/promote.png\" class=\"attachment-large size-large wp-image-36250\" alt=\"\" srcset=\"https:\/\/www.parislgbt.com\/wp-content\/uploads\/2025\/06\/promote.png 455w, https:\/\/www.parislgbt.com\/wp-content\/uploads\/2025\/06\/promote-300x223.png 300w, https:\/\/www.parislgbt.com\/wp-content\/uploads\/2025\/06\/promote-16x12.png 16w\" sizes=\"(max-width: 455px) 100vw, 455px\" \/>\t\t\t\t\t\t\t\t\t\t\t\t\t\t\t<\/div>\n\t\t\t\t<\/div>\n\t\t\t\t\t<\/div>\n\t\t\t\t<\/div>\n\t\t\t\t<\/div>\n\t\t","protected":false},"excerpt":{"rendered":"<p>Comment \u00eatre pr\u00e9sent sur le site ParisLGBT ? Vous souhaitez ajouter votre \u00e9tablissement ou votre \u00e9v\u00e9nement LGBTQIA+ Friendly \u00e0 notre annuaire ? &nbsp;IMPORTANT : Si votre \u00e9v\u00e9nement est sur Facebook, il vous suffit d&#8217;inviter le profil de notre r\u00e9dacteur &#8216;Ricardo Bello&#8216; afin qu&#8217;il soit automatiquement list\u00e9 Sinon, veillez \u00e0 remplir correctement tous les champs Chaque [&hellip;]<\/p>\n","protected":false},"author":1,"featured_media":0,"parent":0,"menu_order":0,"comment_status":"closed","ping_status":"closed","template":"","meta":{"footnotes":""},"class_list":["post-3503","page","type-page","status-publish","hentry"],"_links":{"self":[{"href":"https:\/\/www.parislgbt.com\/en\/wp-json\/wp\/v2\/pages\/3503","targetHints":{"allow":["GET"]}}],"collection":[{"href":"https:\/\/www.parislgbt.com\/en\/wp-json\/wp\/v2\/pages"}],"about":[{"href":"https:\/\/www.parislgbt.com\/en\/wp-json\/wp\/v2\/types\/page"}],"author":[{"embeddable":true,"href":"https:\/\/www.parislgbt.com\/en\/wp-json\/wp\/v2\/users\/1"}],"replies":[{"embeddable":true,"href":"https:\/\/www.parislgbt.com\/en\/wp-json\/wp\/v2\/comments?post=3503"}],"version-history":[{"count":21,"href":"https:\/\/www.parislgbt.com\/en\/wp-json\/wp\/v2\/pages\/3503\/revisions"}],"predecessor-version":[{"id":42644,"href":"https:\/\/www.parislgbt.com\/en\/wp-json\/wp\/v2\/pages\/3503\/revisions\/42644"}],"wp:attachment":[{"href":"https:\/\/www.parislgbt.com\/en\/wp-json\/wp\/v2\/media?parent=3503"}],"curies":[{"name":"wp","href":"https:\/\/api.w.org\/{rel}","templated":true}]}}